{"id":98,"date":"2024-12-27T19:49:17","date_gmt":"2024-12-27T18:49:17","guid":{"rendered":"https:\/\/host-3896.webhosting.magentabusiness.at\/?page_id=98"},"modified":"2026-03-11T06:39:25","modified_gmt":"2026-03-11T05:39:25","slug":"das-bundwerk","status":"publish","type":"page","link":"https:\/\/innviertler-kulturkreis.at\/index.php\/das-bundwerk\/","title":{"rendered":"Das Bundwerk"},"content":{"rendered":"\n<div class=\"wp-block-group alignfull has-global-padding is-layout-constrained wp-block-group-is-layout-constrained\" style=\"margin-top:0;margin-bottom:0\">\n<div class=\"wp-block-columns alignwide is-layout-flex wp-container-core-columns-is-layout-9c22b1e3 wp-block-columns-is-layout-flex\">\n<div class=\"wp-block-column has-global-padding is-layout-constrained wp-block-column-is-layout-constrained\" style=\"flex-basis:30%\">\n<figure class=\"wp-block-image size-large\"><img loading=\"lazy\" decoding=\"async\" width=\"719\" height=\"1024\" data-attachment-id=\"1769\" data-permalink=\"https:\/\/innviertler-kulturkreis.at\/index.php\/das-bundwerk\/titelseite-bundwerk-2025-2\/\" data-orig-file=\"https:\/\/innviertler-kulturkreis.at\/wp-content\/uploads\/2026\/02\/Titelseite-Bundwerk-2025-1-scaled.jpg\" data-orig-size=\"1798,2560\" data-comments-opened=\"1\" data-image-meta=\"{&quot;aperture&quot;:&quot;0&quot;,&quot;credit&quot;:&quot;&quot;,&quot;camera&quot;:&quot;&quot;,&quot;caption&quot;:&quot;&quot;,&quot;created_timestamp&quot;:&quot;0&quot;,&quot;copyright&quot;:&quot;&quot;,&quot;focal_length&quot;:&quot;0&quot;,&quot;iso&quot;:&quot;0&quot;,&quot;shutter_speed&quot;:&quot;0&quot;,&quot;title&quot;:&quot;&quot;,&quot;orientation&quot;:&quot;0&quot;}\" data-image-title=\"Titelseite Bundwerk 2025\" data-image-description=\"\" data-image-caption=\"\" data-large-file=\"https:\/\/innviertler-kulturkreis.at\/wp-content\/uploads\/2026\/02\/Titelseite-Bundwerk-2025-1-719x1024.jpg\" src=\"https:\/\/innviertler-kulturkreis.at\/wp-content\/uploads\/2026\/02\/Titelseite-Bundwerk-2025-1-719x1024.jpg\" alt=\"\" class=\"wp-image-1769\" srcset=\"https:\/\/innviertler-kulturkreis.at\/wp-content\/uploads\/2026\/02\/Titelseite-Bundwerk-2025-1-719x1024.jpg 719w, https:\/\/innviertler-kulturkreis.at\/wp-content\/uploads\/2026\/02\/Titelseite-Bundwerk-2025-1-211x300.jpg 211w, https:\/\/innviertler-kulturkreis.at\/wp-content\/uploads\/2026\/02\/Titelseite-Bundwerk-2025-1-768x1093.jpg 768w, https:\/\/innviertler-kulturkreis.at\/wp-content\/uploads\/2026\/02\/Titelseite-Bundwerk-2025-1-1079x1536.jpg 1079w, https:\/\/innviertler-kulturkreis.at\/wp-content\/uploads\/2026\/02\/Titelseite-Bundwerk-2025-1-1439x2048.jpg 1439w, https:\/\/innviertler-kulturkreis.at\/wp-content\/uploads\/2026\/02\/Titelseite-Bundwerk-2025-1-600x854.jpg 600w, https:\/\/innviertler-kulturkreis.at\/wp-content\/uploads\/2026\/02\/Titelseite-Bundwerk-2025-1-scaled.jpg 1798w\" sizes=\"auto, (max-width: 719px) 100vw, 719px\" \/><\/figure>\n<\/div>\n\n\n\n<div class=\"wp-block-column is-vertically-aligned-center is-layout-flow wp-block-column-is-layout-flow\" style=\"padding-top:var(--wp--preset--spacing--60);padding-right:var(--wp--preset--spacing--60);padding-bottom:var(--wp--preset--spacing--60);padding-left:var(--wp--preset--spacing--60)\">\n<p>Die heimatkundliche Schriftenreihe des Innviertler Kulturkreises erscheint seit 1985 einmal j\u00e4hrlich. <br>Die Schwerpunkte dieser Schriftenreihe umfassen die Themenbereiche der Heimatkunde und Volkskultur; sei es Historisches oder Zeitgen\u00f6ssisches, Kunst- und Kultursch\u00e4tze, Biographien, Botanik, Geologie, Arch\u00e4ologie, Dichtung usw. aus dem Bezirk Braunau, dem Innviertel sowie dem angrenzenden salzburgischen und bayrischen Raum.<br><\/p>\n\n\n\n<p class=\"has-medium-font-size\">Einzelne Ausgaben sind ab sofort zum Bestellen verf\u00fcgbar.<\/p>\n\n\n\n<div class=\"wp-block-buttons is-layout-flex wp-block-buttons-is-layout-flex\">\n<div class=\"wp-block-button\"><a class=\"wp-block-button__link wp-element-button\" href=\"\/index.php\/shop\/\">Zum Bundwerk-Shop<\/a><\/div>\n<\/div>\n<\/div>\n<\/div>\n<\/div>\n\n\n\n<div class=\"wp-block-group alignfull has-global-padding is-layout-constrained wp-block-group-is-layout-constrained\" style=\"margin-top:0;margin-bottom:0;padding-top:var(--wp--preset--spacing--50);padding-bottom:var(--wp--preset--spacing--50)\">\n<div class=\"wp-block-columns alignwide is-layout-flex wp-container-core-columns-is-layout-fa584acd wp-block-columns-is-layout-flex\">\n<div class=\"wp-block-column is-vertically-aligned-center is-layout-flow wp-block-column-is-layout-flow\">\n<h2 class=\"wp-block-heading has-xx-large-font-size\">Autor\/in werden?<\/h2>\n\n\n\n<p><br>Haben Sie bereits ein Manuskript, das Sie gerne ver\u00f6ffentlichen w\u00fcrden? M\u00f6chten Sie einen Artikel \u00fcber fr\u00fchere Begebenheiten aus Ihrem Ort oder \u00fcber den oben angef\u00fchrten Themenkreis verfassen?<\/p>\n\n\n\n<p>Es w\u00fcrde uns freuen, Sie als ehrenamtliche\/n Autor\/in bei einer der n\u00e4chsten Bundwerk-Pr\u00e4sentationen unseren Leser\/innen vorstellen zu d\u00fcrfen.<\/p>\n\n\n\n<p>Arbeitskreis und Verantwortlich f\u00fcr Publikationen:<\/p>\n\n\n\n<p><strong>Johann Welles<\/strong><br>Tel.: 0677 \/ 62 15 80 79<br>E-Mail: <strong><a href=\"mailto:history.franking@gmx.at?subject=Publikationen\">history.franking(at)gmx.at<\/a><\/strong><\/p>\n\n\n\n<p><strong>Norbert Stangl<\/strong><br>Tel.: 0664 \/ 38 40 144&nbsp;&nbsp;&nbsp;<br>E-Mail: <strong><a href=\"http:\/\/maier.karl(at)hotmail.com\">norbert(at)stangls.net<\/a><\/strong><\/p>\n\n\n\n<p>Einreichung von Beitr\u00e4gen unter <br><strong>redaktionbundwerk(at)gmx.at<\/strong><\/p>\n<\/div>\n\n\n\n<div class=\"wp-block-column is-vertically-aligned-center is-layout-flow wp-block-column-is-layout-flow\">\n<figure class=\"wp-block-image size-full\"><img loading=\"lazy\" decoding=\"async\" width=\"976\" height=\"1014\" data-attachment-id=\"163\" data-permalink=\"https:\/\/innviertler-kulturkreis.at\/bildschirmfoto-2024-12-28-um-17-08-15\/\" data-orig-file=\"https:\/\/innviertler-kulturkreis.at\/wp-content\/uploads\/2024\/12\/Bildschirmfoto-2024-12-28-um-17.08.15.jpg\" data-orig-size=\"976,1014\" data-comments-opened=\"0\" data-image-meta=\"{&quot;aperture&quot;:&quot;0&quot;,&quot;credit&quot;:&quot;&quot;,&quot;camera&quot;:&quot;&quot;,&quot;caption&quot;:&quot;&quot;,&quot;created_timestamp&quot;:&quot;0&quot;,&quot;copyright&quot;:&quot;&quot;,&quot;focal_length&quot;:&quot;0&quot;,&quot;iso&quot;:&quot;0&quot;,&quot;shutter_speed&quot;:&quot;0&quot;,&quot;title&quot;:&quot;&quot;,&quot;orientation&quot;:&quot;0&quot;}\" data-image-title=\"Bildschirmfoto 2024-12-28 um 17.08.15\" data-image-description=\"&lt;p&gt;bundwerk-Ausgaben&lt;\/p&gt;\n\" data-image-caption=\"&lt;p&gt;\u00a9 Canva&lt;\/p&gt;\n\" data-large-file=\"https:\/\/innviertler-kulturkreis.at\/wp-content\/uploads\/2024\/12\/Bildschirmfoto-2024-12-28-um-17.08.15.jpg\" src=\"https:\/\/host-3896.webhosting.magentabusiness.at\/wp-content\/uploads\/2024\/12\/Bildschirmfoto-2024-12-28-um-17.08.15.jpg\" alt=\"Bundwerk-Ausgaben\" class=\"wp-image-163\" style=\"aspect-ratio:1;object-fit:cover\" srcset=\"https:\/\/innviertler-kulturkreis.at\/wp-content\/uploads\/2024\/12\/Bildschirmfoto-2024-12-28-um-17.08.15.jpg 976w, https:\/\/innviertler-kulturkreis.at\/wp-content\/uploads\/2024\/12\/Bildschirmfoto-2024-12-28-um-17.08.15-600x623.jpg 600w, https:\/\/innviertler-kulturkreis.at\/wp-content\/uploads\/2024\/12\/Bildschirmfoto-2024-12-28-um-17.08.15-289x300.jpg 289w, https:\/\/innviertler-kulturkreis.at\/wp-content\/uploads\/2024\/12\/Bildschirmfoto-2024-12-28-um-17.08.15-768x798.jpg 768w\" sizes=\"auto, (max-width: 976px) 100vw, 976px\" \/><\/figure>\n<\/div>\n<\/div>\n<\/div>\n\n\n\n<div class=\"wp-block-group alignfull has-global-padding is-layout-constrained wp-block-group-is-layout-constrained\" style=\"margin-top:0;margin-bottom:0\">\n<div class=\"wp-block-group alignwide is-layout-flow wp-container-core-group-is-layout-d58a0413 wp-block-group-is-layout-flow\" style=\"padding-top:var(--wp--preset--spacing--50);padding-bottom:var(--wp--preset--spacing--50)\">\n<h2 class=\"wp-block-heading has-x-large-font-size\">H\u00e4ufig gestellte Fragen<\/h2>\n\n\n\n<div class=\"wp-block-columns is-layout-flex wp-container-core-columns-is-layout-cbe57604 wp-block-columns-is-layout-flex\">\n<div class=\"wp-block-column is-layout-flow wp-block-column-is-layout-flow\">\n<div class=\"wp-block-group is-layout-flow wp-block-group-is-layout-flow\" style=\"border-top-color:var(--wp--preset--color--accent-6);border-top-width:1px;padding-top:var(--wp--preset--spacing--30);padding-bottom:var(--wp--preset--spacing--30)\">\n<h3 class=\"wp-block-heading\">Welchen Umfang darf der Bericht haben?<\/h3>\n\n\n\n<p>Bevorzugt werden Beitr\u00e4ge, die in der eingereichten Form noch nicht ver\u00f6ffentlicht wurden und einen Bezug zum Bezirk Braunau bzw. dem Innviertel haben. Den Umfang m\u00fcssen wir aus Platzgr\u00fcnden <strong>auf 2 bis 10 DIN A4 Seiten plus Bilder<\/strong> beschr\u00e4nken. Das Manuskript kann nur in Form einer Word -Datei \u00fcbernommen werden.<\/p>\n<\/div>\n<\/div>\n\n\n\n<div class=\"wp-block-column is-layout-flow wp-block-column-is-layout-flow\">\n<div class=\"wp-block-group is-layout-flow wp-block-group-is-layout-flow\" style=\"border-top-color:var(--wp--preset--color--accent-6);border-top-width:1px;padding-top:var(--wp--preset--spacing--30);padding-bottom:var(--wp--preset--spacing--30)\">\n<h3 class=\"wp-block-heading\">Wieviele Bilder sollte der Beitrag enthalten?<\/h3>\n\n\n\n<p>Der Beitrag sollte nach M\u00f6glichkeit <strong>mindestens 2 Abbildungen<\/strong> enthalten. Bilder mit Bildtext und <strong>Quellenangabe<\/strong> k\u00f6nnen Sie in den Text integrieren, oder markieren Sie die Stelle, an der sie eingef\u00fcgt werden sollten (z.B. Abb. 1).<\/p>\n\n\n\n<p><strong>Wichtig: Die Druckerei ben\u00f6tigt zus\u00e4tzlich die Bilder mit Bildtext in einer gesonderten Datei.<\/strong><\/p>\n<\/div>\n<\/div>\n<\/div>\n\n\n\n<div class=\"wp-block-columns is-layout-flex wp-container-core-columns-is-layout-cbe57604 wp-block-columns-is-layout-flex\">\n<div class=\"wp-block-column is-layout-flow wp-block-column-is-layout-flow\">\n<div class=\"wp-block-group is-layout-flow wp-block-group-is-layout-flow\" style=\"border-top-color:var(--wp--preset--color--accent-6);border-top-width:1px;padding-top:var(--wp--preset--spacing--30);padding-bottom:var(--wp--preset--spacing--30)\">\n<h3 class=\"wp-block-heading\">Bis wann kann ich meinen Artikel einreichen?<\/h3>\n\n\n\n<p>Sie k\u00f6nnen uns Ihren Artikel jederzeit \u00fcber die E-Mail Adresse <a href=\"mailto:redaktionbundwerk@gmx.at\">redaktionbundwerk(at)gmx.at<\/a> zukommen lassen. <br>Eing\u00e4nge <strong>bis Anfang November <\/strong>k\u00f6nnen bereits in der n\u00e4chsten Ausgabe ber\u00fccksichtigt werden. <br>Falls Sie hierzu weitere Fragen haben oder \u00fcber keine E-mail Adresse verf\u00fcgen, wenden Sie sich bitte telefonisch an die Redaktion. (Johann Welles: 0677 \/ 62 15 80 79)<\/p>\n<\/div>\n<\/div>\n\n\n\n<div class=\"wp-block-column is-layout-flow wp-block-column-is-layout-flow\">\n<div class=\"wp-block-group is-layout-flow wp-block-group-is-layout-flow\" style=\"border-top-color:var(--wp--preset--color--accent-6);border-top-width:1px;padding-top:var(--wp--preset--spacing--30);padding-bottom:var(--wp--preset--spacing--30)\">\n<h3 class=\"wp-block-heading\">Wie gebe ich die Quellenangaben an?<\/h3>\n\n\n\n<p>Falls Sie Textteile aus anderen Werken verwenden, m\u00fcssen diese in <em>Kursivschrift <\/em>ausgef\u00fchrt und mit Endnote versehen werden. Hier geben Sie die Quelle wie folgt an: Zuname, Vorname (des Autors): Titel (des Werkes) \u2013 Ort (Erscheinungsort), Jahr (Erscheinungsjahr). Eventuell vor dem Titel auch den Herausgeber.<\/p>\n\n\n\n<p>Bei Zeitschriften (besonders wichtig): Nach- und Vorname des Autors, Titel des Artikels, Name der Zeitschrift, Jahrgang und Folge, Seite, Erscheinungsort und Erscheinungsjahr.<\/p>\n\n\n\n<p>Dasselbe gilt auch f\u00fcr die Illustrationen, die sie in Ihrem Artikel verwenden. Falls diese auf eigener Urheberschaft beruhen, m\u00fcssen Sie nur Ihren Namen angeben. Bei Abbildungen aus anderen Druckwerken bedarf es in der Regel einer Genehmigung des Herausgebers. <\/p>\n\n\n\n<p><strong>Fotos aus dem Internet sind meist mit verschiedenen Lizenzen behaftet, die oft schwer nachvollziehbar sind. Im Zweifelsfall empfehlen wir Ihnen nur Werke, die als Gemeinfrei gekennzeichnet sind, zu verwenden.<\/strong><\/p>\n<\/div>\n<\/div>\n<\/div>\n<\/div>\n<\/div>\n\n\n\n<aside class=\"wp-block-group alignfull is-style-section-3 has-global-padding is-layout-constrained wp-container-core-group-is-layout-f0f2a97b wp-block-group-is-layout-constrained is-style-section-3--1\" style=\"margin-top:0;margin-bottom:0;padding-top:var(--wp--preset--spacing--50);padding-right:var(--wp--preset--spacing--50);padding-bottom:var(--wp--preset--spacing--50);padding-left:var(--wp--preset--spacing--50)\">\n<div class=\"wp-block-group is-vertical is-content-justification-center is-layout-flex wp-container-core-group-is-layout-8778ca4a wp-block-group-is-layout-flex\" style=\"min-height:360px;margin-top:0;margin-bottom:0\">\n<h2 class=\"wp-block-heading has-text-align-center has-xx-large-font-size\">Kontaktieren Sie uns, um mehr Informationen zu erhalten<\/h2>\n\n\n\n<p class=\"has-text-align-center\">Haben Sie Fragen, Anregungen oder W\u00fcnsche? Wir freuen uns \u00fcber Ihre Kontaktaufnahme.<\/p>\n\n\n\n<div style=\"height:0px\" aria-hidden=\"true\" class=\"wp-block-spacer wp-container-content-62aae154\"><\/div>\n\n\n\n<div class=\"wp-block-buttons is-content-justification-center is-layout-flex wp-container-core-buttons-is-layout-a89b3969 wp-block-buttons-is-layout-flex\">\n<div class=\"wp-block-button\"><a class=\"wp-block-button__link has-text-align-center wp-element-button\" href=\"\/index.php\/contact\/\">Schreiben Sie uns eine Nachricht<\/a><\/div>\n<\/div>\n<\/div>\n<\/aside>\n\n\n\n<p><\/p>\n","protected":false},"excerpt":{"rendered":"<p>Die heimatkundliche Schriftenreihe des Innviertler Kulturkreises erscheint seit 1985 einmal j\u00e4hrlich. Die Schwerpunkte dieser Schriftenreihe umfassen die Themenbereiche der Heimatkunde und Volkskultur; sei es Historisches oder Zeitgen\u00f6ssisches, Kunst- und Kultursch\u00e4tze, Biographien, Botanik, Geologie, Arch\u00e4ologie, Dichtung usw. aus dem Bezirk Braunau, dem Innviertel sowie dem angrenzenden salzburgischen und bayrischen Raum. Einzelne Ausgaben sind ab sofort zum [&hellip;]<\/p>\n","protected":false},"author":1,"featured_media":1766,"parent":0,"menu_order":0,"comment_status":"closed","ping_status":"closed","template":"page-no-title","meta":{"footnotes":""},"class_list":["post-98","page","type-page","status-publish","has-post-thumbnail","hentry"],"publishpress_future_workflow_manual_trigger":{"enabledWorkflows":[]},"_links":{"self":[{"href":"https:\/\/innviertler-kulturkreis.at\/index.php\/wp-json\/wp\/v2\/pages\/98","targetHints":{"allow":["GET"]}}],"collection":[{"href":"https:\/\/innviertler-kulturkreis.at\/index.php\/wp-json\/wp\/v2\/pages"}],"about":[{"href":"https:\/\/innviertler-kulturkreis.at\/index.php\/wp-json\/wp\/v2\/types\/page"}],"author":[{"embeddable":true,"href":"https:\/\/innviertler-kulturkreis.at\/index.php\/wp-json\/wp\/v2\/users\/1"}],"replies":[{"embeddable":true,"href":"https:\/\/innviertler-kulturkreis.at\/index.php\/wp-json\/wp\/v2\/comments?post=98"}],"version-history":[{"count":37,"href":"https:\/\/innviertler-kulturkreis.at\/index.php\/wp-json\/wp\/v2\/pages\/98\/revisions"}],"predecessor-version":[{"id":1795,"href":"https:\/\/innviertler-kulturkreis.at\/index.php\/wp-json\/wp\/v2\/pages\/98\/revisions\/1795"}],"wp:featuredmedia":[{"embeddable":true,"href":"https:\/\/innviertler-kulturkreis.at\/index.php\/wp-json\/wp\/v2\/media\/1766"}],"wp:attachment":[{"href":"https:\/\/innviertler-kulturkreis.at\/index.php\/wp-json\/wp\/v2\/media?parent=98"}],"curies":[{"name":"wp","href":"https:\/\/api.w.org\/{rel}","templated":true}]}}