{"id":3,"date":"2024-12-25T23:38:11","date_gmt":"2024-12-25T23:38:11","guid":{"rendered":"https:\/\/host-3896.webhosting.magentabusiness.at\/?page_id=3"},"modified":"2024-12-29T20:03:17","modified_gmt":"2024-12-29T19:03:17","slug":"datenschutz","status":"publish","type":"page","link":"https:\/\/innviertler-kulturkreis.at\/index.php\/datenschutz\/","title":{"rendered":"Datenschutzerkl\u00e4rung"},"content":{"rendered":"\n<h2 class=\"wp-block-heading\">Allgemeines<\/h2>\n\n\n\n<p><strong>Privatsph\u00e4re<\/strong><br>Der Schutz Ihrer Privatsph\u00e4re und pers\u00f6nlichen Daten bei der Nutzung unserer Webseiten ist uns wichtig. Daher halten wir uns strikt an die Regeln der Datenschutzgesetze. Personenbezogene Daten erheben wir nur im technisch notwendigen Umfang.<\/p>\n\n\n\n<p>Die nachfolgenden Erkl\u00e4rungen und Erm\u00e4chtigungen geben Ihnen Aufschluss dar\u00fcber, wie wir diesen Schutz gew\u00e4hrleisten und welche Daten zu welchem Zweck erhoben werden.<\/p>\n\n\n\n<p><strong>Bestelldaten<\/strong><br>Wir geben Ihre personenbezogenen Daten einschlie\u00dflich Ihrer Hausanschrift und E-Mail-Adresse nicht ohne Ihre ausdr\u00fcckliche und jederzeit widerrufliche Einwilligung an Dritte weiter. Ausgenommen hiervon sind lediglich unsere Dienstleistungspartner, die wir zur Abwicklung Ihrer Bestellung ben\u00f6tigen. Dazu geh\u00f6ren beispielsweise das beauftragte Versandunternehmen, das mit der Zahlungsabwicklung beauftragte Kreditinstitut oder Distributoren. In diesen F\u00e4llen leiten wir die Daten gem\u00e4\u00df den Vorgaben des Bundesdatenschutzgesetzes weiter. Der Umfang der \u00fcbermittelten Daten beschr\u00e4nkt sich auf ein Mindestma\u00df. Ihre schutzw\u00fcrdigen Belange werden gem\u00e4\u00df den gesetzlichen Bestimmungen ber\u00fccksichtigt.<\/p>\n\n\n\n<p><strong>Gespeicherten Daten<\/strong><br>Gem\u00e4\u00df \u00a7 34 BDSG haben Sie das Recht auf unentgeltliche Auskunft Ihrer bei uns gespeicherten Daten sowie gem\u00e4\u00df \u00a7 35 BDSG jederzeit das Recht auf Berichtigung, L\u00f6schung und Sperrung dieser personenbezogenen Daten. Sofern der L\u00f6schung gesetzliche, vertragliche, handels- bzw. steuerrechtliche Aufbewahrungsfristen oder Gr\u00fcnde entgegenstehen, erfolgt anstelle einer L\u00f6schung eine Sperrung Ihrer Daten.<\/p>\n\n\n\n<p>Wir erheben und speichern in den Logfiles unseres Webservers nur die Informationen, die Ihr Browser an uns \u00fcbermittelt. Dies sind: Betriebssystem, Browser-Typ\/-Version, IP-Adresse, Uhrzeit der Server-Anfrage, Webseite, von der aus Sie uns besuchen (Referrer-URL), und Webseiten, die Sie bei uns besuchen.<\/p>\n\n\n\n<p>Diese Daten lassen sich keinen bestimmten Personen zuordnen, d.h., Sie bleiben als einzelner Nutzer hierbei anonym. Eine Zusammenf\u00fchrung dieser Daten mit anderen Datenquellen wird nicht vorgenommen. Nach erfolgter statistischer Auswertung werden s\u00e4mtliche Daten gel\u00f6scht.<\/p>\n\n\n\n<p><strong>Cookies<\/strong><br>Unser Online-Shop verwendet f\u00fcr den Inhalt Ihres Warenkorbs so genannte Cookies. Diese dienen dazu, unser Angebot nutzerfreundlicher, effektiver und sicherer zu machen. Cookies sind kleine Textdateien, die Ihr Internet-Browser auf Ihrem Rechner ablegt und speichert. Die von uns verwendeten Cookies sind so genannte \u201eSession-Cookies\u201c, diese werden nach Ende Ihres Besuchs automatisch gel\u00f6scht. Cookies richten auf Ihrem Rechner keinen Schaden an und enthalten auch keine Viren.<br><strong><br>Newsletter<\/strong><br>Bestellen Sie den von uns angebotenen Newsletter, ben\u00f6tigen wir von Ihnen nur eine g\u00fcltige E-Mail-Adresse. Nach der Anmeldung sendet Ihnen unser System eine E-Mail mit einem Aktivierungs-Link, womit Sie die Eintragung best\u00e4tigen. Damit gew\u00e4hrleisten wir, dass Sie tats\u00e4chlich der Inhaber der angegebenen E-Mail-Adresse sind und Sie mit dem Empfang des Newsletters einverstanden sind. Ihre Einwilligung zur Speicherung der E-Mail-Adresse sowie deren Nutzung zum Versand des Newsletters k\u00f6nnen Sie jederzeit widerrufen.<\/p>\n\n\n\n<p>S\u00e4mtliche von uns ver\u00f6ffentlichten Informationen, Daten, Grafiken und Publikationen wurden mit gr\u00f6\u00dfter Sorgfalt und nach bestem Wissen und Gewissen recherchiert, zusammengestellt und, soweit sie von externen Quellen stammen, unver\u00e4ndert \u00fcbernommen, ohne jedoch einen Anspruch auf Vollst\u00e4ndigkeit und Fehlerfreiheit zu erheben bzw. die M\u00f6glichkeit der Fehlinterpretation bzw. -nutzung durch Nutzer dieses Angebotes auszuschlie\u00dfen.<\/p>\n\n\n\n<p>Jeder Nutzer ist gehalten, die hier zur Verf\u00fcgung gestellten Informationen selbst auf Ihre Richtigkeit und Vollst\u00e4ndigkeit hin zu \u00fcberpr\u00fcfen.<\/p>\n\n\n\n<p>S\u00e4mtliche Logos, Firmenschriftz\u00fcge und Abbildungen d\u00fcrfen von den Nutzern dieses Informationsangebotes nicht f\u00fcr eigene Zwecke, gleich welcher Art, verwendet werden und unterliegen uneingeschr\u00e4nkt den Urheber- und Bildrechten der Inhaber\/Quellen.<\/p>\n\n\n\n<p>Desweiteren wird darauf hingewiesen, dass s\u00e4mtliche Informationen externer Quellen in jeglicher Hinsicht uneingeschr\u00e4nkten Copyright-Schutz genie\u00dfen; ausschlie\u00dflich nur zu Informationszwecken dienen und in keinem Falle &#8211; au\u00dfer zur eigenen Nutzung und Dokumentation (Download) &#8211; ohne schriftliche Einwilligung des jeweiligen Urhebers vervielf\u00e4ltigt, in eigene Ver\u00f6ffentlichungen eingebunden bzw. in irgendeiner sonstigen Form von Nutzern dieses Angebotes verwendet werden d\u00fcrfen.<\/p>\n\n\n\n<p>Jegliche Haftungs- und Schadensersatzanspr\u00fcche von Nutzern dieses Informationsangebotes aufgrund vorgenannter Gr\u00fcnde gegen\u00fcber uns sind ausgeschlossen.<\/p>\n\n\n\n<p>Mit Nutzung dieses Informationsangebotes erkennen Sie die vorstehenden Bedingungen als rechtlich verbindlich an.<\/p>\n","protected":false},"excerpt":{"rendered":"<p>Allgemeines Privatsph\u00e4reDer Schutz Ihrer Privatsph\u00e4re und pers\u00f6nlichen Daten bei der Nutzung unserer Webseiten ist uns wichtig. Daher halten wir uns strikt an die Regeln der Datenschutzgesetze. Personenbezogene Daten erheben wir nur im technisch notwendigen Umfang. Die nachfolgenden Erkl\u00e4rungen und Erm\u00e4chtigungen geben Ihnen Aufschluss dar\u00fcber, wie wir diesen Schutz gew\u00e4hrleisten und welche Daten zu welchem Zweck [&hellip;]<\/p>\n","protected":false},"author":1,"featured_media":0,"parent":0,"menu_order":0,"comment_status":"closed","ping_status":"closed","template":"","meta":{"footnotes":""},"class_list":["post-3","page","type-page","status-publish","hentry"],"publishpress_future_workflow_manual_trigger":{"enabledWorkflows":[]},"_links":{"self":[{"href":"https:\/\/innviertler-kulturkreis.at\/index.php\/wp-json\/wp\/v2\/pages\/3","targetHints":{"allow":["GET"]}}],"collection":[{"href":"https:\/\/innviertler-kulturkreis.at\/index.php\/wp-json\/wp\/v2\/pages"}],"about":[{"href":"https:\/\/innviertler-kulturkreis.at\/index.php\/wp-json\/wp\/v2\/types\/page"}],"author":[{"embeddable":true,"href":"https:\/\/innviertler-kulturkreis.at\/index.php\/wp-json\/wp\/v2\/users\/1"}],"replies":[{"embeddable":true,"href":"https:\/\/innviertler-kulturkreis.at\/index.php\/wp-json\/wp\/v2\/comments?post=3"}],"version-history":[{"count":2,"href":"https:\/\/innviertler-kulturkreis.at\/index.php\/wp-json\/wp\/v2\/pages\/3\/revisions"}],"predecessor-version":[{"id":96,"href":"https:\/\/innviertler-kulturkreis.at\/index.php\/wp-json\/wp\/v2\/pages\/3\/revisions\/96"}],"wp:attachment":[{"href":"https:\/\/innviertler-kulturkreis.at\/index.php\/wp-json\/wp\/v2\/media?parent=3"}],"curies":[{"name":"wp","href":"https:\/\/api.w.org\/{rel}","templated":true}]}}