{"id":191,"date":"2024-12-28T18:06:20","date_gmt":"2024-12-28T17:06:20","guid":{"rendered":"https:\/\/host-3896.webhosting.magentabusiness.at\/?page_id=191"},"modified":"2026-02-15T13:44:11","modified_gmt":"2026-02-15T12:44:11","slug":"plakettenverleihung","status":"publish","type":"page","link":"https:\/\/innviertler-kulturkreis.at\/index.php\/plakettenverleihung\/","title":{"rendered":"Plakettenverleihung"},"content":{"rendered":"\n<p class=\"has-text-align-center has-xx-large-font-size\"><strong>Plakettenvergabe<\/strong><\/p>\n\n\n\n<p class=\"has-text-align-center\">Der Innviertler Kulturkreis vergibt j\u00e4hrlich die Plakette <br>&#8222;Bleibende Werte f\u00fcrs Innviertel&#8220; als Anerkennung f\u00fcr <br>vorbildlich renovierte Objekte.<\/p>\n\n\n\n<figure class=\"wp-block-image aligncenter size-full is-resized\"><img loading=\"lazy\" decoding=\"async\" width=\"1254\" height=\"1594\" data-attachment-id=\"1676\" data-permalink=\"https:\/\/innviertler-kulturkreis.at\/index.php\/plakettenverleihung\/freigestellt\/\" data-orig-file=\"https:\/\/innviertler-kulturkreis.at\/wp-content\/uploads\/2026\/01\/freigestellt.png\" data-orig-size=\"1254,1594\" data-comments-opened=\"1\" data-image-meta=\"{&quot;aperture&quot;:&quot;0&quot;,&quot;credit&quot;:&quot;&quot;,&quot;camera&quot;:&quot;&quot;,&quot;caption&quot;:&quot;&quot;,&quot;created_timestamp&quot;:&quot;0&quot;,&quot;copyright&quot;:&quot;&quot;,&quot;focal_length&quot;:&quot;0&quot;,&quot;iso&quot;:&quot;0&quot;,&quot;shutter_speed&quot;:&quot;0&quot;,&quot;title&quot;:&quot;&quot;,&quot;orientation&quot;:&quot;0&quot;}\" data-image-title=\"freigestellt\" data-image-description=\"\" data-image-caption=\"\" data-large-file=\"https:\/\/innviertler-kulturkreis.at\/wp-content\/uploads\/2026\/01\/freigestellt-806x1024.png\" src=\"https:\/\/innviertler-kulturkreis.at\/wp-content\/uploads\/2026\/01\/freigestellt.png\" alt=\"\" class=\"wp-image-1676\" style=\"aspect-ratio:0.786705290440616;width:317px;height:auto\" srcset=\"https:\/\/innviertler-kulturkreis.at\/wp-content\/uploads\/2026\/01\/freigestellt.png 1254w, https:\/\/innviertler-kulturkreis.at\/wp-content\/uploads\/2026\/01\/freigestellt-236x300.png 236w, https:\/\/innviertler-kulturkreis.at\/wp-content\/uploads\/2026\/01\/freigestellt-806x1024.png 806w, https:\/\/innviertler-kulturkreis.at\/wp-content\/uploads\/2026\/01\/freigestellt-768x976.png 768w, https:\/\/innviertler-kulturkreis.at\/wp-content\/uploads\/2026\/01\/freigestellt-1208x1536.png 1208w, https:\/\/innviertler-kulturkreis.at\/wp-content\/uploads\/2026\/01\/freigestellt-600x763.png 600w\" sizes=\"auto, (max-width: 1254px) 100vw, 1254px\" \/><\/figure>\n\n\n\n<div class=\"wp-block-group alignfull has-global-padding is-layout-constrained wp-block-group-is-layout-constrained\" style=\"margin-top:0;margin-bottom:0\">\n<div class=\"wp-block-group alignwide has-global-padding is-layout-constrained wp-block-group-is-layout-constrained\">\n<div class=\"wp-block-group alignwide is-layout-flow wp-block-group-is-layout-flow\">\n<p class=\"has-small-font-size\"><\/p>\n<\/div>\n<\/div>\n<\/div>\n\n\n\n<p class=\"has-text-align-center\">Kriterien f\u00fcr die Plakettenverleihung:<\/p>\n\n\n\n<p>*Qualit\u00e4tsvoller historischer Bestand von Einzelobjekten, H\u00f6fen, Wirtschaftsgeb\u00e4uden, Ensembles, Kleindenkm\u00e4ler, landschaftstypische Baukultur und ihr Umfeld.<\/p>\n\n\n\n<p>*Anwendung traditioneller Handwerkstechniken mit der werkstoffgerechten Verwendung von Baustoffen im Zuge von durchgef\u00fchrten Erhaltungs-,Renovierungs- bzw. Revitalisierungsma\u00dfnahmen.<\/p>\n\n\n\n<p>*Weiterbestand des gegenst\u00e4ndlichen historischen Erbes durch nachhaltige Nutzung bzw. Verwendung des Objektes.<\/p>\n\n\n\n<h2 class=\"wp-block-heading has-text-align-center\">Bisher ausgezeichnete Objekte<\/h2>\n\n\n\n<p class=\"has-text-align-left\">         <strong>Von 1980-1990:<\/strong><\/p>\n\n\n\n<ol class=\"wp-block-list\">\n<li>Schlosskapelle Mamling<\/li>\n\n\n\n<li>Kulturhaus Rauhberg (Gemeinde Eggelsberg)<\/li>\n\n\n\n<li>Bauerngut Pointer in Spraidt (Gemeinde Burgkirchen am 10.12.1982)<\/li>\n\n\n\n<li>Zollmuseum Perwang (Gemeinde Perwang im Juli 1983)<\/li>\n\n\n\n<li>Braustadel Graf (Gemeinde Munderfing am 30.10.1983)<\/li>\n\n\n\n<li>Wohnaus &#8222;Blumenhaus&#8220; (Gemeinde Geretsberg am 27.05.1984)<\/li>\n\n\n\n<li>Braugasthof Fillmansbach (Gemeinde St. Georgen a. F. am 27.05.1984)<\/li>\n\n\n\n<li>Bundwerkstadel Anthaler (Gemeinde Haigermoos 24.11.1985)<\/li>\n\n\n\n<li>Gasthaus Hochradl in Furkern (Gemeinde Moosdorf am 01.05.1986)<\/li>\n\n\n\n<li>Zinngie\u00dferhaus (Gemeinde Mattighofen am 31.08.1986)<\/li>\n\n\n\n<li>Bundwerkstadel Hofbauer (Gemeinde St. Radegund am 01.05.1987)<\/li>\n\n\n\n<li>Schloss Erb (Gemeinde Lengau am 03.06.1988)<\/li>\n\n\n\n<li>Hofbauergut (Gemeinde Munderfing am 14.10.1989)<\/li>\n\n\n\n<li>Altes Schreinergut in Kerschham (Gemeinde Lochen am 02.12.1989)<br><br>                                         <strong>Von 1990 bis 2000:<\/strong><br><\/li>\n\n\n\n<li>Sollingergut in Sollach (Gemeinde Maria Schmolln am 04.05.1990)<\/li>\n\n\n\n<li>Reitshammergut in Hilprechtsham (Gemeinde Kirchbeg am 01.07.1990)<\/li>\n\n\n\n<li>Konventgarten in Ranshofen (Gemeinde Ranshofen am 22.06.1991)<\/li>\n\n\n\n<li>Heimathaus Schalchen (Gemeinde Schalchen am 29.06.1992)<\/li>\n\n\n\n<li>Alte Kupferschmiede in Eichbichl (Gemeinde Tarsdorf am 18.09.1992)<\/li>\n\n\n\n<li>Schrems-Haus (Gemeinde Mauerkirchen am 21.11.1993)<\/li>\n\n\n\n<li>Schloss Wanghausen (Gemeinde Hochburg-Ach am 07.05.1994)<\/li>\n\n\n\n<li>Zuhaus des Veitlgutes in Otterfing (Gemeinde Feldkirchen 1994)<\/li>\n\n\n\n<li>Aichbauergut in Gasteig (Gemeinde Braunau am Inn am 12.11.1994)<\/li>\n\n\n\n<li>Dorfplatz in Hart (Gemeinde Pischelsdorf am Engelbach am 09.09.1995)<\/li>\n\n\n\n<li>Beandhaus (Gemeinde St.  Johann am Walde am 13.09.1997)<\/li>\n\n\n\n<li>Hofbauerkapelle in Wimhub (Gemeinde St. Veit im Innkreis am 12.10.1997)<\/li>\n\n\n\n<li>Franz Xaver Gruber-Ged\u00e4chtnishaus (Gemeinde Hochburg am 21.11.1997)<\/li>\n\n\n\n<li>Bauernhof Familie Streif in Baumgarten (Gemeinde Aspach am 20.09.1998)<\/li>\n\n\n\n<li>Ehemaliges Zacherlwirtshaus in Kerschham (Gemeinde Lochen am 14.08.1999)<\/li>\n<\/ol>\n\n\n\n<p class=\"has-text-align-left\">                                               <strong>Von 2000 &#8211; 2020:<\/strong><br><br>30. Wohnhaus der Fam. Oberleitner in Hiltenwiesen (Gemeinde Palting, 5.08.2000)<br>31. J\u00e4gerst\u00e4tterhaus (Gemeinde St. Radegund am 1.05.2002)<br>32. Thalleidl-Kapelle in Reisach (Gemeinde Moosbach 2002)<br>33. Schiffergut in Wersdorf (Gemeinde Pischelsdorf am 15.08.2002)<br>34. Ochzet-Haus (Gemeinde Altheim 2003)<br>35. M\u00fchlendner Anwesen, (Gemeinde Munderfing, 22.06.2004)<br>36. Bundwerkst. Hofergut (Gemeinde Hochburg am 12.08.2006)<br>37. Bundwerkst. Neuhausergut (Gemeinde Hochburg am 12.08.2006)<br>38. Holzhaus Ensemble in Lengau, 08.06.2007<strong><em><strong><em><br><\/em><\/strong><\/em><\/strong>39. Pfarrhaus St. Georgen am Fillmannsbach, Erntedank 18.09.2011<br>40. Schloss Wildshut, Dr. Georg Florens Traugott\u201a St. Pantaleon am 24.03.2012<br>41. Hofrichterhaus Ranshofen 20.04.2013<br>42. Alter Pfarrhof Ro\u00dfbach, Bes. Hr. Wilhelm Irran, 09.10.2016<br>43. Kaspergut Giezing, Feldkirchen, 20.08.2017<br>44. Br\u00e4ugasthof Vitzthum, Uttendorf, 16.09.2018<br>45. Villa Stilfried, Pfaffst\u00e4tt, 28.09.2019<\/p>\n\n\n\n<p>                                                    <strong>Ab 2020:<\/strong><br><strong><em><strong><em><br><\/em><\/strong><\/em><\/strong>46. Treiberhof, Geretsberg, 15.08.2021<br>47. Schlo\u00df Wildenau, 26.10.2022<br>48. Renovierter Bauernhof und Kunstschlosserei, Auer Wolfgang und Anna, St. Peter\/H., 11.06.2023<br>49. Langgut in Aschau, 15.08.2024<br>50. Bauer z\u2019Feldbach &#8211; Besitzerin Kathrin Kreiseder-Kronberger in Lochen, August 2025<\/p>\n\n\n\n<p>Hier gehts zur interaktiven Karte, wo die Plakette bisher vergeben wurde:<\/p>\n\n\n\n<figure class=\"wp-block-image size-full\"><a href=\"https:\/\/www.google.com\/maps\/d\/edit?mid=1llLuXVd8mju8n9Hol6zMoOEYy1t_Dso\" target=\"_blank\" rel=\" noreferrer noopener\"><img loading=\"lazy\" decoding=\"async\" width=\"172\" height=\"47\" data-attachment-id=\"1776\" data-permalink=\"https:\/\/innviertler-kulturkreis.at\/index.php\/plakettenverleihung\/screenshot-2026-02-15-133950\/\" data-orig-file=\"https:\/\/innviertler-kulturkreis.at\/wp-content\/uploads\/2026\/02\/Screenshot-2026-02-15-133950.jpg\" data-orig-size=\"172,47\" data-comments-opened=\"1\" data-image-meta=\"{&quot;aperture&quot;:&quot;0&quot;,&quot;credit&quot;:&quot;&quot;,&quot;camera&quot;:&quot;&quot;,&quot;caption&quot;:&quot;&quot;,&quot;created_timestamp&quot;:&quot;0&quot;,&quot;copyright&quot;:&quot;&quot;,&quot;focal_length&quot;:&quot;0&quot;,&quot;iso&quot;:&quot;0&quot;,&quot;shutter_speed&quot;:&quot;0&quot;,&quot;title&quot;:&quot;&quot;,&quot;orientation&quot;:&quot;0&quot;}\" data-image-title=\"Screenshot 2026-02-15 133950\" data-image-description=\"\" data-image-caption=\"\" data-large-file=\"https:\/\/innviertler-kulturkreis.at\/wp-content\/uploads\/2026\/02\/Screenshot-2026-02-15-133950.jpg\" src=\"https:\/\/innviertler-kulturkreis.at\/wp-content\/uploads\/2026\/02\/Screenshot-2026-02-15-133950.jpg\" alt=\"\" class=\"wp-image-1776\"\/><\/a><\/figure>\n\n\n\n<p><\/p>\n","protected":false},"excerpt":{"rendered":"<p>Plakettenvergabe Der Innviertler Kulturkreis vergibt j\u00e4hrlich die Plakette &#8222;Bleibende Werte f\u00fcrs Innviertel&#8220; als Anerkennung f\u00fcr vorbildlich renovierte Objekte. Kriterien f\u00fcr die Plakettenverleihung: *Qualit\u00e4tsvoller historischer Bestand von Einzelobjekten, H\u00f6fen, Wirtschaftsgeb\u00e4uden, Ensembles, Kleindenkm\u00e4ler, landschaftstypische Baukultur und ihr Umfeld. *Anwendung traditioneller Handwerkstechniken mit der werkstoffgerechten Verwendung von Baustoffen im Zuge von durchgef\u00fchrten Erhaltungs-,Renovierungs- bzw. Revitalisierungsma\u00dfnahmen. *Weiterbestand des gegenst\u00e4ndlichen [&hellip;]<\/p>\n","protected":false},"author":1,"featured_media":0,"parent":0,"menu_order":0,"comment_status":"closed","ping_status":"closed","template":"page-no-title","meta":{"footnotes":""},"class_list":["post-191","page","type-page","status-publish","hentry"],"publishpress_future_workflow_manual_trigger":{"enabledWorkflows":[]},"_links":{"self":[{"href":"https:\/\/innviertler-kulturkreis.at\/index.php\/wp-json\/wp\/v2\/pages\/191","targetHints":{"allow":["GET"]}}],"collection":[{"href":"https:\/\/innviertler-kulturkreis.at\/index.php\/wp-json\/wp\/v2\/pages"}],"about":[{"href":"https:\/\/innviertler-kulturkreis.at\/index.php\/wp-json\/wp\/v2\/types\/page"}],"author":[{"embeddable":true,"href":"https:\/\/innviertler-kulturkreis.at\/index.php\/wp-json\/wp\/v2\/users\/1"}],"replies":[{"embeddable":true,"href":"https:\/\/innviertler-kulturkreis.at\/index.php\/wp-json\/wp\/v2\/comments?post=191"}],"version-history":[{"count":44,"href":"https:\/\/innviertler-kulturkreis.at\/index.php\/wp-json\/wp\/v2\/pages\/191\/revisions"}],"predecessor-version":[{"id":1778,"href":"https:\/\/innviertler-kulturkreis.at\/index.php\/wp-json\/wp\/v2\/pages\/191\/revisions\/1778"}],"wp:attachment":[{"href":"https:\/\/innviertler-kulturkreis.at\/index.php\/wp-json\/wp\/v2\/media?parent=191"}],"curies":[{"name":"wp","href":"https:\/\/api.w.org\/{rel}","templated":true}]}}