{"id":126,"date":"2024-12-28T09:16:24","date_gmt":"2024-12-28T08:16:24","guid":{"rendered":"https:\/\/host-3896.webhosting.magentabusiness.at\/index.php\/terms\/"},"modified":"2025-02-08T17:34:05","modified_gmt":"2025-02-08T16:34:05","slug":"agb","status":"publish","type":"page","link":"https:\/\/innviertler-kulturkreis.at\/index.php\/agb\/","title":{"rendered":"AGB"},"content":{"rendered":"\n<p>Allgemeine Gesch\u00e4ftsbedingungen (AGB) von<\/p>\n\n\n\n<p>\u201cVerein zur F\u00f6rderung kultureller Initiativen\u201c<br>Gegr\u00fcndet 1977 im Mayrbr\u00e4u, Braunau am Inn<\/p>\n\n\n\n<p>Publik und Benannt unter &#8222;Innviertler Kulturkreis&#8220;<br>Stand 1. J\u00e4nner 2025<\/p>\n\n\n\n<ol class=\"wp-block-list\">\n<li>Allgemeines<br>Die folgenden allgemeinen Gesch\u00e4ftsbedingungen (AGB) gelten zwischen dem Verein Innviertler Kulturkreis und TeilnehmerInnen von Veranstaltungen in der jeweiligen, zum Zeitpunkt des Vertragsabschlusses aktuellen Fassung der AGB. Dieses Dokument kann ausgedruckt, gespeichert oder als pdf-Datei heruntergeladen werden. Die AGB gelten f\u00fcr alle Veranstaltungen von Naturschutzbund \u00d6sterreich und gelten mit der Anmeldung als mitvereinbart.<\/li>\n\n\n\n<li>Anmeldebedingungen f\u00fcr Veranstaltungen<br>Anmeldungen m\u00fcssen grunds\u00e4tzlich schriftlich oder per Email erfolgen und sind verbindlich. Wir bitten um fr\u00fchzeitige Anmeldung 2.1. Anmeldebest\u00e4tigung\/Zahlung\/Vertragsabschluss<br>Die Anmeldungen werden in der Reihenfolge ihres Eingangs ber\u00fccksichtigt und schriftlich best\u00e4tigt. Bei Online-Anmeldung bekommen Sie eine Anmeldebest\u00e4tigung per E-Mail zugesandt.<\/li>\n<\/ol>\n\n\n\n<p>Ist die Veranstaltung konstenpflichtig, ist nach Erhalt der Anmeldebest\u00e4tigung mit Zahlungsaufforderung in elektronischer Form als pdf Datei an die bei der Buchung angegebenen E-Mail Adresse der Kostenbeitrag umgehend auf das angef\u00fchrte Konto zu \u00fcberweisen. Nur bei Ausnahmef\u00e4llen gibt es beim Innviertler Kulturkreis einen Kassabetrieb zur Einzahlung von Kostenbeitr\u00e4gen. Der rechtzeitige Zahlungseingang bei Innviertler Kulturkreis ist die Berechtigung zur Teilnahme an der Veranstaltung und der Vertrag gilt als geschlossen.<\/p>\n\n\n\n<p>2.2. Absage \/ Termin\u00e4nderung<br>Programm\u00e4nderungen und allf\u00e4llige sonstige \u00c4nderungen behalten wir uns vor. Bei Absage der Veranstaltung wegen Krankheit der ReferentInnen, h\u00f6herer Gewalt oder sonstige unvorhersehbaren Ereignissen besteht kein Anspruch auf Durchf\u00fchrung der Veranstaltung. Bei Stellung von ErsatzreferentInnen besteht kein Anspruch auf R\u00fcckzahlung. Der Veranstalter beh\u00e4lt sich das Recht auf Termin\u00e4nderungen vor. Ist im Falle einer Termin\u00e4nderung der genannte Ersatztermin f\u00fcr die TeilnehmerIn nicht akzeptabel, wird eine entrichtete Geb\u00fchr r\u00fcckerstattet. Anspruch auf sonstigen Ersatz besteht nicht. Der Ersatz von Reisekosten etc. kann nicht geltend gemacht werden.<\/p>\n\n\n\n<p>2.3. Stornierung<br>Grunds\u00e4tzlich hat jeder R\u00fccktritt schriftlich (per Email oder Post) und unter Einhaltung der unten angef\u00fchrten R\u00fccktrittsfristen zu erfolgen. Bei einer Stornierung bis sp\u00e4testens 10 Tagen vor Veranstaltungsbeginn erfolgt die Stornierung kostenlos. Bei einer Stornierung innerhalb von 9 Tagen bis drei Tagen vor Veranstaltungsbeginn sind 80 % der Kurskosten zu bezahlen. Bei Stornierungen ab dem dritten Werktag bzw. am Tag des Veranstaltungsbeginns ist der Innviertler Kulturkreis berechtigt, den vollen Betrag (100% der Teilnahmekosten) in Rechnung zu stellen bzw. einzubehalten. Nat\u00fcrlich akzeptieren wir Ersatz-TeilnehmerInnen.<\/p>\n\n\n\n<ol start=\"3\" class=\"wp-block-list\">\n<li>Haftung<br>Die Haftung von Innviertler Kulturkreis ist auf F\u00e4lle des Vorsatzes und der groben Fahrl\u00e4ssigkeit beschr\u00e4nkt. Im Falle von Personensch\u00e4den besteht die Haftung auch f\u00fcr leicht fahrl\u00e4ssiges Verhalten. Der Innviertler Kulturkreis haftet nicht f\u00fcr den Verlust privater Gegenst\u00e4nde. Eine Haftung f\u00fcr die Inhalte der vermittelten Kenntnisse und Fertigkeiten wird einvernehmlich ausgeschlossen.<\/li>\n\n\n\n<li>Haftung Inhalte<br>Die auf www.innviertler-kulturkreis.at ver\u00f6ffentlichten Inhalte sind mit gr\u00f6\u00dfter Sorgfalt recherchiert. Dennoch k\u00f6nnen wir keine Gew\u00e4hr f\u00fcr die vollst\u00e4ndige Richtigkeit \u00fcbernehmen. Alle Angaben erfolgen ohne Gew\u00e4hr. Eine Haftung f\u00fcr Sch\u00e4den, die sich aus der Verwendung des Innviertler Kulturkreis ver\u00f6ffentlichten Inhalte oder Services ergeben, ist ausgeschlossen. Bei direkten oder indirekten Verweisen auf fremde Internetseiten (Links), die au\u00dferhalb des Verantwortungsbereiches der Redaktion oder Inhaltspartnern liegen, \u00fcbernimmt die Redaktion keine medienrechtliche Verantwortung.<\/li>\n\n\n\n<li>Fotografieren \/ Filmen<br>Fotos bzw. Filme von Veranstaltungen und den teilnehmenden Personen k\u00f6nnen vom Innviertler Kulturkreis zur Dokumentation verwendet und gegebenenfalls in Zeitungen, Brosch\u00fcren, Internet, Social Media etc. ohne weitere Zustimmung der TeilnehmerInnen ver\u00f6ffentlicht werden.<\/li>\n\n\n\n<li>Onlineshop &#8222;Das Bundwerk&#8220;<br>Zustandekommen eines Vertrages, Speicherung des Vertragstextes 7.1 Die folgenden Regelungen \u00fcber den Vertragsabschluss gelten f\u00fcr Bestellungen \u00fcber unseren Internetshop http:\/\/www.innviertler-kulturkreis.at . 7.2 Im Falle des Vertragsschlusses kommt der Vertrag mit<\/li>\n<\/ol>\n\n\n\n<p>Innviertler Kulturkreis<br>p.a. Ferdinand Tiefnig<br>Blitzlthal 5,<br>5133 Gilgenberg\/W.<br><br>zustande.<\/p>\n\n\n\n<p>7.3 Die Pr\u00e4sentation der Waren in unserem Internetshop stellen kein rechtlich bindendes Vertragsangebot unsererseits dar, sondern sind nur eine unverbindliche Aufforderungen an den Verbraucher, Waren zu bestellen. Mit der Bestellung der gew\u00fcnschten Ware gibt der Verbraucher ein f\u00fcr ihn verbindliches Angebot auf Abschluss eines Kaufvertrages ab.<\/p>\n\n\n\n<p>7.4 Bei Eingang einer Bestellung in unserem Internetshop gelten folgende Regelungen: Der Verbraucher gibt ein bindendes Vertragsangebot ab, indem er die in unserem Internetshop vorgesehene Bestellprozedur erfolgreich durchl\u00e4uft.<\/p>\n\n\n\n<p>Die Bestellung erfolgt in folgenden Schritten:<br>1) Auswahl der gew\u00fcnschten Ware<br>2) Pr\u00fcfung der Angaben im Warenkorb<br>3) Bet\u00e4tigung des Buttons \u201ezur Kasse\u201c<br>4) Auswahl der Lieferung oder Abholung<br>5) Anmeldung im Internetshop nach Registrierung und Eingabe der Anmelderangaben (E-Mail-Adresse und Passwort).<br>6) Nochmalige Pr\u00fcfung bzw. Berichtigung der jeweiligen eingegebenen Daten.<br>7) Verbindliche Absendung der Bestellung durch Anklicken des Buttons \u201ekostenpflichtig bestellen\u201c bzw. \u201ekaufen\u201c<br>Der Verbraucher kann vor dem verbindlichen Absenden der Bestellung durch Bet\u00e4tigen der in dem von ihm verwendeten Internet-Browser enthaltenen \u201eZur\u00fcck\u201c-Taste nach Kontrolle seiner Angaben wieder zu der Internetseite gelangen, auf der die Angaben des Kunden erfasst werden und Eingabefehler berichtigen bzw. durch Schlie\u00dfen des Internetbrowsers den Bestellvorgang abbrechen. Wir best\u00e4tigen den Eingang der Bestellung unmittelbar durch eine automatisch generierte E-Mail (\u201eAuftragsbest\u00e4tigung\u201c). Mit dieser nehmen wir Ihr Angebot an.<\/p>\n\n\n\n<p>7.5 Speicherung des Vertragstextes bei Bestellungen \u00fcber unseren Internetshop : Wir speichern den Vertragstext und senden Ihnen die Bestelldaten und unsere AGB per E-Mail zu. Die AGB k\u00f6nnen Sie jederzeit auch unter http:\/\/www.innviertler-kulturkreis.at\/agb einsehen. Ihre vergangenen Bestellungen k\u00f6nnen Sie in unserem Kunden-Bereich unter Mein Konto &#8211;&gt; Meine Bestellungen einsehen.<\/p>\n\n\n\n<ol start=\"8\" class=\"wp-block-list\">\n<li>Preise, Versandkosten, Zahlung, F\u00e4lligkeit<br>8.1 Die angegebenen Preise enthalten die gesetzliche Umsatzsteuer und sonstige Preisbestandteile. Hinzu kommen etwaige Versandkosten. <br>8.2 Der Verbraucher hat die M\u00f6glichkeit der Zahlung per Bank\u00fcberweisung, Nachnahme, Bar bei Abholung, und auf Rechnung nach der ersten erfolgreich abgeschlossenen Bestellung <br>8.3 Hat der Verbraucher die Zahlung per Bank\u00fcberweisung gew\u00e4hlt, so verpflichtet er sich, den Kaufpreis unverz\u00fcglich nach Vertragsschluss zu zahlen.<br>Soweit wir per Nachnahme liefern, tritt die F\u00e4lligkeit der Kaufpreisforderung mit Erhalt der Ware ein.<\/li>\n\n\n\n<li>Lieferung<br>9.1 Sofern wir dies in der Produktbeschreibung nicht deutlich anders angegeben haben, sind alle von uns angebotenen Artikel sofort versandfertig. Die Lieferung erfolgt hier sp\u00e4testen innerhalb von 5 Werktagen. Dabei beginnt die Frist f\u00fcr die Lieferung im Falle der Zahlung per Bank\u00fcberweisung am Tag nach Zahlungsauftrag an die mit der \u00dcberweisung beauftragte Bank und bei allen anderen Zahlungsarten am Tag nach Vertragsschluss zu laufen. F\u00e4llt das Fristende auf einen Samstag, Sonntag oder gesetzlichen Feiertag am Lieferort, so endet die Frist am n\u00e4chsten Werktag. Bei Abholung ist mit dem zust\u00e4ndigen Vereinsmitglied vorab telefonisch Kpntakt aufzunehmen um den Zeitpunkt der Abwicklung zu vereinbaren. <br>9.2 Die Gefahr des zuf\u00e4lligen Untergangs und der zuf\u00e4lligen Verschlechterung der verkauften Sache geht auch beim Versendungskauf erst mit der \u00dcbergabe der Sache an den K\u00e4ufer auf diesen \u00fcber.<\/li>\n\n\n\n<li>Eigentumsvorbehalt<br>Wir behalten uns das Eigentum an der Ware bis zur vollst\u00e4ndigen Bezahlung des Kaufpreises vor.<\/li>\n<\/ol>\n\n\n\n<hr class=\"wp-block-separator has-alpha-channel-opacity\"\/>\n\n\n\n<ol start=\"11\" class=\"wp-block-list\">\n<li>Widerrufsrecht des Kunden als Verbraucher:<br>Widerrufsrecht f\u00fcr Verbraucher<\/li>\n<\/ol>\n\n\n\n<p>Verbrauchern steht ein Widerrufsrecht nach folgender Ma\u00dfgabe zu, wobei Verbraucher jede nat\u00fcrliche Person ist, die ein Rechtsgesch\u00e4ft zu Zwecken abschlie\u00dft, die \u00fcberwiegend weder ihrer gewerblichen noch ihrer selbst\u00e4ndigen beruflichen T\u00e4tigkeit zugerechnet werden k\u00f6nnen:<br>Widerrufsbelehrung<\/p>\n\n\n\n<p>Widerrufsrecht<\/p>\n\n\n\n<p>Sie haben das Recht, binnen vierzehn Tagen ohne Angabe von Gr\u00fcnden diesen Vertrag zu widerrufen.<\/p>\n\n\n\n<p>Die Widerrufsfrist betr\u00e4gt vierzehn Tage, ab dem Tag, an dem Sie oder ein von Ihnen benannter Dritter, der nicht der Bef\u00f6rderer ist, die Waren in Besitz genommen haben bzw. hat.<\/p>\n\n\n\n<p>Um Ihr Widerrufsrecht auszu\u00fcben, m\u00fcssen Sie uns an<\/p>\n\n\n\n<p>Innviertler Kulturkreis<br>p.a. Ferdinand Tiefnig<br>Blitzlthal 5,<br>5133 Gilgenberg\/W.<\/p>\n\n\n\n<p>oder<br>p.a. Franz Maier<br>Moosbach 1<br>5271 Moosbach<\/p>\n\n\n\n<p>E-Mail: shop@innviertler-kulturkreis.at<\/p>\n\n\n\n<p>mittels einer eindeutigen Erkl\u00e4rung (z.B. ein mit der Post versandter Brief, Telefax oder E-Mail) \u00fcber Ihren Entschluss, diesen Vertrag zu widerrufen, informieren. Sie k\u00f6nnen daf\u00fcr das beigef\u00fcgte Muster-Widerrufsformular verwenden, das jedoch nicht vorgeschrieben ist.<\/p>\n\n\n\n<p>Widerrufsfolgen<\/p>\n\n\n\n<p>Wenn Sie diesen Vertrag widerrufen, haben wir Ihnen alle Zahlungen, die wir von Ihnen erhalten haben, einschlie\u00dflich der Lieferkosten (mit Ausnahme der zus\u00e4tzlichen Kosten, die sich daraus ergeben, dass Sie eine andere Art der Lieferung als die von uns angebotene, g\u00fcnstigste Standardlieferung gew\u00e4hlt haben), unverz\u00fcglich und sp\u00e4testens binnen vierzehn Tagen ab dem Tag zur\u00fcckzuzahlen, an dem die Mitteilung \u00fcber Ihren Widerruf dieses Vertrags bei uns eingegangen ist. F\u00fcr diese R\u00fcckzahlung verwenden wir dasselbe Zahlungsmittel, das Sie bei der urspr\u00fcnglichen Transaktion eingesetzt haben, es sei denn, mit Ihnen wurde ausdr\u00fccklich etwas anderes vereinbart; in keinem Fall werden Ihnen wegen dieser R\u00fcckzahlung Entgelte berechnet.<\/p>\n\n\n\n<p>Wir k\u00f6nnen die R\u00fcckzahlung verweigern, bis wir die Waren wieder zur\u00fcckerhalten haben oder bis Sie den Nachweis erbracht haben, dass Sie die Waren zur\u00fcckgesandt haben, je nachdem, welches der fr\u00fchere Zeitpunkt ist.<\/p>\n\n\n\n<p>Sie haben die Waren unverz\u00fcglich und in jedem Fall sp\u00e4testens binnen vierzehn Tagen ab dem Tag, an dem Sie uns \u00fcber den Widerruf dieses Vertrages unterrichten, an uns zur\u00fcckzusenden oder zu \u00fcbergeben. Die Frist ist gewahrt, wenn Sie die Waren vor Ablauf der Frist von vierzehn Tagen absenden.<\/p>\n\n\n\n<p>Sie tragen die unmittelbaren Kosten der R\u00fccksendung der Waren.<\/p>\n\n\n\n<p>Ende der Widerrufsbelehrung<\/p>\n\n\n\n<hr class=\"wp-block-separator has-alpha-channel-opacity\"\/>\n\n\n\n<ol start=\"12\" class=\"wp-block-list\">\n<li>Widerrufsformular<\/li>\n<\/ol>\n\n\n\n<p>Muster-Widerrufsformular<br>(Wenn Sie den Vertrag widerrufen wollen, dann f\u00fcllen Sie bitte dieses Formular aus und senden Sie es zur\u00fcck.)<br>An :<br>Innviertler Kulturkreis<\/p>\n\n\n\n<p>Innviertler Kulturkreis<br>p.a. Ferdinand Tiefnig<br>Blitzlthal 5,<br>5133 Gilgenberg\/W.<\/p>\n\n\n\n<p>oder<\/p>\n\n\n\n<p>p.a. Franz Maier<br>Moosbach 1<br>5271 Moosbach<\/p>\n\n\n\n<p>E-Mail shop@innviertler-kulturkreis.at<\/p>\n\n\n\n<p>Hiermit widerrufe(n) ich\/wir (<em>) den von mir\/uns (<\/em>) abgeschlossenen Vertrag \u00fcber den Kauf der folgenden Waren (<em>)\/die Erbringung der folgenden Dienstleistung (<\/em>)<\/p>\n\n\n\n<hr class=\"wp-block-separator has-alpha-channel-opacity\"\/>\n\n\n\n<p>Bestellt am (<em>)\/erhalten am (<\/em>)<\/p>\n\n\n\n<hr class=\"wp-block-separator has-alpha-channel-opacity\"\/>\n\n\n\n<p>Name des\/der Verbraucher(s)<\/p>\n\n\n\n<hr class=\"wp-block-separator has-alpha-channel-opacity\"\/>\n\n\n\n<p>Anschrift des\/der Verbraucher(s)<\/p>\n\n\n\n<hr class=\"wp-block-separator has-alpha-channel-opacity\"\/>\n\n\n\n<p>Unterschrift des\/der Verbraucher(s) (nur bei Mitteilung auf Papier)<\/p>\n\n\n\n<hr class=\"wp-block-separator has-alpha-channel-opacity\"\/>\n\n\n\n<p>Datum<\/p>\n\n\n\n<hr class=\"wp-block-separator has-alpha-channel-opacity\"\/>\n\n\n\n<p>(*) Unzutreffendes streichen.<\/p>\n\n\n\n<ol start=\"13\" class=\"wp-block-list\">\n<li>Gew\u00e4hrleistung<\/li>\n<\/ol>\n\n\n\n<p>Es gelten die gesetzlichen Gew\u00e4hrleistungsregelungen.<\/p>\n\n\n\n<ol start=\"14\" class=\"wp-block-list\">\n<li>Datenspeicherung<br>Mit der Angabe privater Kontaktdaten erkl\u00e4ren Sie sich einverstanden, dass diese in der Datenbank von Innviertler Kulturkreis gespeichert werden und bis auf Widerruf zum Zweck der Kontaktaufnahme sowie der Zusendung von Informationen verwendet werden. Eine Weitergabe an Dritte erfolgt nicht.<\/li>\n\n\n\n<li>Vertragssprache<br>Als Vertragssprache steht ausschlie\u00dflich Deutsch zur Verf\u00fcgung.<\/li>\n\n\n\n<li>Gerichtsstand<br>Als Gerichtsstand vereinbaren die Parteien den Standort des Vereins und die Anwendung \u00f6sterreichischen Rechts<\/li>\n<\/ol>\n\n\n\n<p>Stand der AGB Dez.2024<br><a href=\"https:\/\/host-3976.webhosting.magentabusiness.at\/\">Gratis<\/a> AGB erstellt von agb.de<\/p>\n","protected":false},"excerpt":{"rendered":"<p>Allgemeine Gesch\u00e4ftsbedingungen (AGB) von \u201cVerein zur F\u00f6rderung kultureller Initiativen\u201cGegr\u00fcndet 1977 im Mayrbr\u00e4u, Braunau am Inn Publik und Benannt unter &#8222;Innviertler Kulturkreis&#8220;Stand 1. J\u00e4nner 2025 Ist die Veranstaltung konstenpflichtig, ist nach Erhalt der Anmeldebest\u00e4tigung mit Zahlungsaufforderung in elektronischer Form als pdf Datei an die bei der Buchung angegebenen E-Mail Adresse der Kostenbeitrag umgehend auf das angef\u00fchrte [&hellip;]<\/p>\n","protected":false},"author":1,"featured_media":0,"parent":0,"menu_order":0,"comment_status":"closed","ping_status":"closed","template":"page-no-title","meta":{"footnotes":""},"class_list":["post-126","page","type-page","status-publish","hentry"],"publishpress_future_workflow_manual_trigger":{"enabledWorkflows":[]},"_links":{"self":[{"href":"https:\/\/innviertler-kulturkreis.at\/index.php\/wp-json\/wp\/v2\/pages\/126","targetHints":{"allow":["GET"]}}],"collection":[{"href":"https:\/\/innviertler-kulturkreis.at\/index.php\/wp-json\/wp\/v2\/pages"}],"about":[{"href":"https:\/\/innviertler-kulturkreis.at\/index.php\/wp-json\/wp\/v2\/types\/page"}],"author":[{"embeddable":true,"href":"https:\/\/innviertler-kulturkreis.at\/index.php\/wp-json\/wp\/v2\/users\/1"}],"replies":[{"embeddable":true,"href":"https:\/\/innviertler-kulturkreis.at\/index.php\/wp-json\/wp\/v2\/comments?post=126"}],"version-history":[{"count":6,"href":"https:\/\/innviertler-kulturkreis.at\/index.php\/wp-json\/wp\/v2\/pages\/126\/revisions"}],"predecessor-version":[{"id":859,"href":"https:\/\/innviertler-kulturkreis.at\/index.php\/wp-json\/wp\/v2\/pages\/126\/revisions\/859"}],"wp:attachment":[{"href":"https:\/\/innviertler-kulturkreis.at\/index.php\/wp-json\/wp\/v2\/media?parent=126"}],"curies":[{"name":"wp","href":"https:\/\/api.w.org\/{rel}","templated":true}]}}